{"id":24,"date":"2019-10-30T08:04:10","date_gmt":"2019-10-30T08:04:10","guid":{"rendered":"https:\/\/demo.casethemes.net\/consultio-business\/?page_id=24"},"modified":"2024-11-04T13:42:49","modified_gmt":"2024-11-04T13:42:49","slug":"contact","status":"publish","type":"page","link":"https:\/\/etaport.com.tr\/?page_id=24","title":{"rendered":"\u0130LET\u0130\u015e\u0130M"},"content":{"rendered":"\t\t<div data-elementor-type=\"wp-page\" data-elementor-id=\"24\" class=\"elementor elementor-24\">\n\t\t\t\t        <section class=\"elementor-section elementor-top-section elementor-element elementor-element-99fbaeb elementor-section-boxed elementor-section-height-default elementor-section-height-default ct-header-fixed-none ct-row-max-none\" data-id=\"99fbaeb\" data-element_type=\"section\">\n            \n                        <div class=\"elementor-container elementor-column-gap-extended \">\n                    <div class=\"elementor-column elementor-col-33 elementor-top-column elementor-element elementor-element-e818542\" data-id=\"e818542\" data-element_type=\"column\">\n        <div class=\"elementor-widget-wrap elementor-element-populated\">\n                    \n        \t\t<div class=\"elementor-element elementor-element-c8a2f48 elementor-widget elementor-widget-ct_fancy_box\" data-id=\"c8a2f48\" data-element_type=\"widget\" data-widget_type=\"ct_fancy_box.default\">\n\t\t\t\t<div class=\"elementor-widget-container\">\n\t\t\t<div class=\"ct-fancy-box ct-fancy-box-layout1 style1 \" data-wow-delay=\"ms\">\r\n            <div class=\"item--icon\">\r\n            <span class=\"item--shape\"><\/span>\r\n            <i aria-hidden=\"true\" class=\"fas fa-map-marker-alt\"><\/i>                            <a class=\"item--link\" href=\"#\"><\/a>\r\n                    <\/div>\r\n            <div class=\"item--holder\">\r\n                    <h3 class=\"item--title\">\r\n                Ofis Adresi            <\/h3>\r\n                <div class=\"item--description\">Cami\u015ferif Mah \u0130stiklal Cad Deniz Apt. No 19 Akdeniz MERS\u0130N<\/div>\r\n    <\/div>\r\n<\/div>\t\t<\/div>\n\t\t\t\t<\/div>\n\t\t            <\/div>\n        <\/div>\n                <div class=\"elementor-column elementor-col-33 elementor-top-column elementor-element elementor-element-d5f3e79\" data-id=\"d5f3e79\" data-element_type=\"column\">\n        <div class=\"elementor-widget-wrap elementor-element-populated\">\n                    \n        \t\t<div class=\"elementor-element elementor-element-9e16110 elementor-widget elementor-widget-ct_fancy_box\" data-id=\"9e16110\" data-element_type=\"widget\" data-widget_type=\"ct_fancy_box.default\">\n\t\t\t\t<div class=\"elementor-widget-container\">\n\t\t\t<div class=\"ct-fancy-box ct-fancy-box-layout1 style1 \" data-wow-delay=\"ms\">\r\n            <div class=\"item--icon\">\r\n            <span class=\"item--shape\"><\/span>\r\n            <i aria-hidden=\"true\" class=\"fas fa-phone-alt\"><\/i>                            <a class=\"item--link\" href=\"#\"><\/a>\r\n                    <\/div>\r\n            <div class=\"item--holder\">\r\n                    <h3 class=\"item--title\">\r\n                Telefon            <\/h3>\r\n                <div class=\"item--description\">+90 552 390 75 94<br\/>\n+90 552 390 75 94<\/div>\r\n    <\/div>\r\n<\/div>\t\t<\/div>\n\t\t\t\t<\/div>\n\t\t            <\/div>\n        <\/div>\n                <div class=\"elementor-column elementor-col-33 elementor-top-column elementor-element elementor-element-729a4d3\" data-id=\"729a4d3\" data-element_type=\"column\">\n        <div class=\"elementor-widget-wrap elementor-element-populated\">\n                    \n        \t\t<div class=\"elementor-element elementor-element-485cc85 elementor-widget elementor-widget-ct_fancy_box\" data-id=\"485cc85\" data-element_type=\"widget\" data-widget_type=\"ct_fancy_box.default\">\n\t\t\t\t<div class=\"elementor-widget-container\">\n\t\t\t<div class=\"ct-fancy-box ct-fancy-box-layout1 style1 \" data-wow-delay=\"ms\">\r\n            <div class=\"item--icon\">\r\n            <span class=\"item--shape\"><\/span>\r\n            <i aria-hidden=\"true\" class=\"fas fa-envelope\"><\/i>                            <a class=\"item--link\" href=\"#\"><\/a>\r\n                    <\/div>\r\n            <div class=\"item--holder\">\r\n                    <h3 class=\"item--title\">\r\n                Mail Adresi            <\/h3>\r\n                <div class=\"item--description\">a.temir@etaport.com<br\/>\ne.gonul@etaport.com<\/div>\r\n    <\/div>\r\n<\/div>\t\t<\/div>\n\t\t\t\t<\/div>\n\t\t            <\/div>\n        <\/div>\n                    <\/div>\n        <\/section>\n                <section class=\"elementor-section elementor-top-section elementor-element elementor-element-d8bdc5a elementor-section-boxed elementor-section-height-default elementor-section-height-default ct-header-fixed-none ct-row-max-none\" data-id=\"d8bdc5a\" data-element_type=\"section\">\n            \n                        <div class=\"elementor-container elementor-column-gap-extended \">\n                    <div class=\"elementor-column elementor-col-50 elementor-top-column elementor-element elementor-element-13f51f0\" data-id=\"13f51f0\" data-element_type=\"column\">\n        <div class=\"elementor-widget-wrap elementor-element-populated\">\n                    \n        \t\t<div class=\"elementor-element elementor-element-12c802c elementor-widget elementor-widget-image\" data-id=\"12c802c\" data-element_type=\"widget\" data-widget_type=\"image.default\">\n\t\t\t\t<div class=\"elementor-widget-container\">\n\t\t\t<style>\/*! elementor - v3.23.0 - 25-07-2024 *\/\n.elementor-widget-image{text-align:center}.elementor-widget-image a{display:inline-block}.elementor-widget-image a img[src$=\".svg\"]{width:48px}.elementor-widget-image img{vertical-align:middle;display:inline-block}<\/style>\t\t\t\t\t\t\t\t\t\t<img fetchpriority=\"high\" decoding=\"async\" width=\"978\" height=\"590\" src=\"https:\/\/etaport.com.tr\/wp-content\/uploads\/2024\/07\/978x590-gumruk-mallari-yeni.jpeg\" class=\"attachment-full size-full wp-image-4274\" alt=\"\" srcset=\"https:\/\/etaport.com.tr\/wp-content\/uploads\/2024\/07\/978x590-gumruk-mallari-yeni.jpeg 978w, https:\/\/etaport.com.tr\/wp-content\/uploads\/2024\/07\/978x590-gumruk-mallari-yeni-300x181.jpeg 300w, https:\/\/etaport.com.tr\/wp-content\/uploads\/2024\/07\/978x590-gumruk-mallari-yeni-768x463.jpeg 768w, https:\/\/etaport.com.tr\/wp-content\/uploads\/2024\/07\/978x590-gumruk-mallari-yeni-600x362.jpeg 600w\" sizes=\"(max-width: 978px) 100vw, 978px\" \/>\t\t\t\t\t\t\t\t\t\t\t\t\t<\/div>\n\t\t\t\t<\/div>\n\t\t\t\t<div class=\"elementor-element elementor-element-4972177 elementor-widget elementor-widget-image\" data-id=\"4972177\" data-element_type=\"widget\" data-widget_type=\"image.default\">\n\t\t\t\t<div class=\"elementor-widget-container\">\n\t\t\t\t\t\t\t\t\t\t\t\t\t<img decoding=\"async\" width=\"1500\" height=\"798\" src=\"https:\/\/etaport.com.tr\/wp-content\/uploads\/2024\/07\/transportation-logistics-container-cargo-ship-cargo-plane-3d-rendering-illustration.jpeg\" class=\"attachment-full size-full wp-image-4275\" alt=\"\" srcset=\"https:\/\/etaport.com.tr\/wp-content\/uploads\/2024\/07\/transportation-logistics-container-cargo-ship-cargo-plane-3d-rendering-illustration.jpeg 1500w, https:\/\/etaport.com.tr\/wp-content\/uploads\/2024\/07\/transportation-logistics-container-cargo-ship-cargo-plane-3d-rendering-illustration-300x160.jpeg 300w, https:\/\/etaport.com.tr\/wp-content\/uploads\/2024\/07\/transportation-logistics-container-cargo-ship-cargo-plane-3d-rendering-illustration-1024x545.jpeg 1024w, https:\/\/etaport.com.tr\/wp-content\/uploads\/2024\/07\/transportation-logistics-container-cargo-ship-cargo-plane-3d-rendering-illustration-768x409.jpeg 768w, https:\/\/etaport.com.tr\/wp-content\/uploads\/2024\/07\/transportation-logistics-container-cargo-ship-cargo-plane-3d-rendering-illustration-600x319.jpeg 600w\" sizes=\"(max-width: 1500px) 100vw, 1500px\" \/>\t\t\t\t\t\t\t\t\t\t\t\t\t<\/div>\n\t\t\t\t<\/div>\n\t\t            <\/div>\n        <\/div>\n                <div class=\"elementor-column elementor-col-50 elementor-top-column elementor-element elementor-element-4c2fc51\" data-id=\"4c2fc51\" data-element_type=\"column\">\n        <div class=\"elementor-widget-wrap elementor-element-populated\">\n                    \n        \t\t<div class=\"elementor-element elementor-element-d6bfcba elementor-widget elementor-widget-ct_heading\" data-id=\"d6bfcba\" data-element_type=\"widget\" data-widget_type=\"ct_heading.default\">\n\t\t\t\t<div class=\"elementor-widget-container\">\n\t\t\t<div id=\"ct_heading-d6bfcba\" class=\"ct-heading h-align- sub- ct-heading-left item-st-line-top1\">\r\n\t<div class=\"ct-inline-css\"  data-css=\"\r\n        \">\r\n    <\/div>\r\n        <h3 class=\"item--title st-line-top1 case-animate-time\" data-wow-delay=\"ms\">\r\n                    <div class=\"ct-heading-divider\"><span><\/span><\/div>\r\n                <span class=\"sp-main\">\r\n            \r\n            H\u0131zl\u0131 Teklif Formunu Doldurunuz\r\n            \r\n                    <\/span>\r\n            <\/h3>\r\n<\/div>\t\t<\/div>\n\t\t\t\t<\/div>\n\t\t\t\t<div class=\"elementor-element elementor-element-0f30a93 elementor-widget elementor-widget-text-editor\" data-id=\"0f30a93\" data-element_type=\"widget\" data-widget_type=\"text-editor.default\">\n\t\t\t\t<div class=\"elementor-widget-container\">\n\t\t\t<style>\/*! elementor - v3.23.0 - 25-07-2024 *\/\n.elementor-widget-text-editor.elementor-drop-cap-view-stacked .elementor-drop-cap{background-color:#69727d;color:#fff}.elementor-widget-text-editor.elementor-drop-cap-view-framed .elementor-drop-cap{color:#69727d;border:3px solid;background-color:transparent}.elementor-widget-text-editor:not(.elementor-drop-cap-view-default) .elementor-drop-cap{margin-top:8px}.elementor-widget-text-editor:not(.elementor-drop-cap-view-default) .elementor-drop-cap-letter{width:1em;height:1em}.elementor-widget-text-editor .elementor-drop-cap{float:left;text-align:center;line-height:1;font-size:50px}.elementor-widget-text-editor .elementor-drop-cap-letter{display:inline-block}<\/style>\t\t\t\t<p>Bilgileri L\u00fctfen Eksiksiz Doldurarak Bize Ula\u015fabilirsiniz.<\/p>\t\t\t\t\t\t<\/div>\n\t\t\t\t<\/div>\n\t\t\t\t<div class=\"elementor-element elementor-element-f409baa elementor-widget elementor-widget-ct_ctf7\" data-id=\"f409baa\" data-element_type=\"widget\" data-widget_type=\"ct_ctf7.default\">\n\t\t\t\t<div class=\"elementor-widget-container\">\n\t\t\t    <div class=\"ct-contact-form-layout1 style1 \">\r\n                <div class=\"ct-contact-form-inner\">\r\n        \t            <div class=\"ct-contact-form\">\r\n                \n<div class=\"wpcf7 no-js\" id=\"wpcf7-f2166-o1\" lang=\"en-US\" dir=\"ltr\">\n<div class=\"screen-reader-response\"><p role=\"status\" aria-live=\"polite\" aria-atomic=\"true\"><\/p> <ul><\/ul><\/div>\n<form action=\"\/index.php?rest_route=%2Fwp%2Fv2%2Fpages%2F24#wpcf7-f2166-o1\" method=\"post\" class=\"wpcf7-form init cf7mls-no-scroll cf7mls-auto-return-first-step cf7mls-no-moving-animation\" aria-label=\"Contact form\" novalidate=\"novalidate\" data-status=\"init\">\n<div style=\"display: none;\">\n<input type=\"hidden\" name=\"_wpcf7\" value=\"2166\" \/>\n<input type=\"hidden\" name=\"_wpcf7_version\" value=\"5.9.8\" \/>\n<input type=\"hidden\" name=\"_wpcf7_locale\" value=\"en_US\" \/>\n<input type=\"hidden\" name=\"_wpcf7_unit_tag\" value=\"wpcf7-f2166-o1\" \/>\n<input type=\"hidden\" name=\"_wpcf7_container_post\" value=\"0\" \/>\n<input type=\"hidden\" name=\"_wpcf7_posted_data_hash\" value=\"\" \/>\n<\/div>\n<div class=\"row\">\n\t<div class=\"input-filled col-lg-6 col-md-6\">\n\t\t<p><span class=\"wpcf7-form-control-wrap\" data-name=\"first-name\"><input size=\"40\" maxlength=\"400\" class=\"wpcf7-form-control wpcf7-text wpcf7-validates-as-required\" aria-required=\"true\" aria-invalid=\"false\" placeholder=\"Ad\u0131n\u0131z *\" value=\"\" type=\"text\" name=\"first-name\" \/><\/span>\n\t\t<\/p>\n\t<\/div>\n\t<div class=\"input-filled col-lg-6 col-md-6\">\n\t\t<p><span class=\"wpcf7-form-control-wrap\" data-name=\"last-name\"><input size=\"40\" maxlength=\"400\" class=\"wpcf7-form-control wpcf7-text wpcf7-validates-as-required\" aria-required=\"true\" aria-invalid=\"false\" placeholder=\"Soyad\u0131n\u0131z *\" value=\"\" type=\"text\" name=\"last-name\" \/><\/span>\n\t\t<\/p>\n\t<\/div>\n<\/div>\n<div class=\"row\">\n\t<div class=\"input-filled col-lg-6 col-md-6\">\n\t\t<p><span class=\"wpcf7-form-control-wrap\" data-name=\"your-email\"><input size=\"40\" maxlength=\"400\" class=\"wpcf7-form-control wpcf7-email wpcf7-validates-as-required wpcf7-text wpcf7-validates-as-email\" aria-required=\"true\" aria-invalid=\"false\" placeholder=\"Mail Adresi *\" value=\"\" type=\"email\" name=\"your-email\" \/><\/span>\n\t\t<\/p>\n\t<\/div>\n\t<div class=\"input-filled col-lg-6 col-md-6\">\n\t\t<p><span class=\"wpcf7-form-control-wrap\" data-name=\"your-phone\"><input size=\"40\" maxlength=\"400\" class=\"wpcf7-form-control wpcf7-text wpcf7-validates-as-required\" aria-required=\"true\" aria-invalid=\"false\" placeholder=\"Telefon No *\" value=\"\" type=\"text\" name=\"your-phone\" \/><\/span>\n\t\t<\/p>\n\t<\/div>\n<\/div>\n<div class=\"row\">\n\t<div class=\"input-filled col-lg-6 col-md-6\">\n\t\t<p><span class=\"wpcf7-form-control-wrap\" data-name=\"your-web-address\"><input size=\"40\" maxlength=\"400\" class=\"wpcf7-form-control wpcf7-text wpcf7-validates-as-required\" aria-required=\"true\" aria-invalid=\"false\" placeholder=\"Web Adresi *\" value=\"\" type=\"text\" name=\"your-web-address\" \/><\/span>\n\t\t<\/p>\n\t<\/div>\n\t<div class=\"input-filled col-lg-6 col-md-6\">\n\t\t<p><span class=\"wpcf7-form-control-wrap\" data-name=\"your-service\"><select class=\"wpcf7-form-control wpcf7-select wpcf7-validates-as-required\" aria-required=\"true\" aria-invalid=\"false\" name=\"your-service\"><option value=\"Konu Se\u00e7\">Konu Se\u00e7<\/option><option value=\"Teklif Al\">Teklif Al<\/option><option value=\"\u0130stek&amp;\u00d6neri\">\u0130stek&amp;\u00d6neri<\/option><option value=\"\u015eikayet\">\u015eikayet<\/option><\/select><\/span>\n\t\t<\/p>\n\t<\/div>\n<\/div>\n<div class=\"row\">\n\t<div class=\"input-filled col-12\">\n\t\t<p><span class=\"wpcf7-form-control-wrap\" data-name=\"your-message\"><textarea cols=\"40\" rows=\"10\" maxlength=\"2000\" class=\"wpcf7-form-control wpcf7-textarea wpcf7-validates-as-required\" aria-required=\"true\" aria-invalid=\"false\" placeholder=\"Konu\" name=\"your-message\"><\/textarea><\/span>\n\t\t<\/p>\n\t<\/div>\n\t<div class=\"input-filled col-12\">\n\t\t<p><button type=\"submit\" class=\"wpcf7-submit btn btn-block\"><i class=\"fac fac-arrow-circle-right space-right\"><\/i>Mesaj\u0131 G\u00f6nder<\/button>\n\t\t<\/p>\n\t<\/div>\n<\/div><div class=\"wpcf7-response-output\" aria-hidden=\"true\"><\/div>\n<\/form>\n<\/div>\n            <\/div>\r\n        <\/div>\r\n            <\/div>\r\n\t\t<\/div>\n\t\t\t\t<\/div>\n\t\t            <\/div>\n        <\/div>\n                    <\/div>\n        <\/section>\n        <div class=\"elementor-element elementor-element-68102aa e-flex e-con-boxed e-con e-parent\" data-id=\"68102aa\" data-element_type=\"container\">\n\t\t\t\t\t<div class=\"e-con-inner\">\n\t\t\t\t<div class=\"elementor-element elementor-element-de45ffe elementor-widget elementor-widget-google_maps\" data-id=\"de45ffe\" data-element_type=\"widget\" data-widget_type=\"google_maps.default\">\n\t\t\t\t<div class=\"elementor-widget-container\">\n\t\t\t<style>\/*! elementor - v3.23.0 - 25-07-2024 *\/\n.elementor-widget-google_maps .elementor-widget-container{overflow:hidden}.elementor-widget-google_maps .elementor-custom-embed{line-height:0}.elementor-widget-google_maps iframe{height:300px}<\/style>\t\t<div class=\"elementor-custom-embed\">\n\t\t\t<iframe loading=\"lazy\"\n\t\t\t\t\tsrc=\"https:\/\/maps.google.com\/maps?q=Cami%20%C5%9Eerif%2C%20Tmr%20G%C3%BCmr%C3%BCkleme%2C%20Othello%20Plz%2C%205225.%20Sokak%2C%20Akdeniz%2FMersin&#038;t=m&#038;z=16&#038;output=embed&#038;iwloc=near\"\n\t\t\t\t\ttitle=\"Cami \u015eerif, Tmr G\u00fcmr\u00fckleme, Othello Plz, 5225. Sokak, Akdeniz\/Mersin\"\n\t\t\t\t\taria-label=\"Cami \u015eerif, Tmr G\u00fcmr\u00fckleme, Othello Plz, 5225. Sokak, Akdeniz\/Mersin\"\n\t\t\t><\/iframe>\n\t\t<\/div>\n\t\t\t\t<\/div>\n\t\t\t\t<\/div>\n\t\t\t\t\t<\/div>\n\t\t\t\t<\/div>\n\t\t\t\t<\/div>\n\t\t","protected":false},"excerpt":{"rendered":"<p>Ofis Adresi Cami\u015ferif Mah \u0130stiklal Cad Deniz Apt. No 19 Akdeniz MERS\u0130N Telefon +90 552 390 75 94 +90 552 390 75 94 Mail Adresi a.temir@etaport.com e.gonul@etaport.com H\u0131zl\u0131 Teklif Formunu Doldurunuz Bilgileri L\u00fctfen Eksiksiz Doldurarak Bize Ula\u015fabilirsiniz. Konu Se\u00e7Teklif Al\u0130stek&amp;\u00d6neri\u015eikayet Mesaj\u0131 G\u00f6nder<\/p>\n","protected":false},"author":1,"featured_media":0,"parent":0,"menu_order":0,"comment_status":"closed","ping_status":"closed","template":"","meta":{"footnotes":""},"class_list":["post-24","page","type-page","status-publish","hentry"],"_links":{"self":[{"href":"https:\/\/etaport.com.tr\/index.php?rest_route=\/wp\/v2\/pages\/24"}],"collection":[{"href":"https:\/\/etaport.com.tr\/index.php?rest_route=\/wp\/v2\/pages"}],"about":[{"href":"https:\/\/etaport.com.tr\/index.php?rest_route=\/wp\/v2\/types\/page"}],"author":[{"embeddable":true,"href":"https:\/\/etaport.com.tr\/index.php?rest_route=\/wp\/v2\/users\/1"}],"replies":[{"embeddable":true,"href":"https:\/\/etaport.com.tr\/index.php?rest_route=%2Fwp%2Fv2%2Fcomments&post=24"}],"version-history":[{"count":16,"href":"https:\/\/etaport.com.tr\/index.php?rest_route=\/wp\/v2\/pages\/24\/revisions"}],"predecessor-version":[{"id":4375,"href":"https:\/\/etaport.com.tr\/index.php?rest_route=\/wp\/v2\/pages\/24\/revisions\/4375"}],"wp:attachment":[{"href":"https:\/\/etaport.com.tr\/index.php?rest_route=%2Fwp%2Fv2%2Fmedia&parent=24"}],"curies":[{"name":"wp","href":"https:\/\/api.w.org\/{rel}","templated":true}]}}