{"id":3491,"date":"2020-02-07T02:16:32","date_gmt":"2020-02-07T02:16:32","guid":{"rendered":"https:\/\/demo.casethemes.net\/consultio-business\/?page_id=3491"},"modified":"2024-07-31T15:03:18","modified_gmt":"2024-07-31T15:03:18","slug":"about-v-2","status":"publish","type":"page","link":"https:\/\/etaport.com.tr\/?page_id=3491","title":{"rendered":"HAKKIMIZDA"},"content":{"rendered":"\t\t<div data-elementor-type=\"wp-page\" data-elementor-id=\"3491\" class=\"elementor elementor-3491\">\n\t\t\t\t        <section class=\"elementor-section elementor-top-section elementor-element elementor-element-40fd8216 elementor-section-boxed elementor-section-height-default elementor-section-height-default ct-header-fixed-none ct-row-max-none\" data-id=\"40fd8216\" data-element_type=\"section\">\n            \n                        <div class=\"elementor-container elementor-column-gap-extended \">\n                    <div class=\"elementor-column elementor-col-50 elementor-top-column elementor-element elementor-element-2a114ffb\" data-id=\"2a114ffb\" data-element_type=\"column\">\n        <div class=\"elementor-widget-wrap elementor-element-populated\">\n                    \n        \t\t<div class=\"elementor-element elementor-element-e7c34af elementor-widget elementor-widget-ct_heading\" data-id=\"e7c34af\" data-element_type=\"widget\" data-widget_type=\"ct_heading.default\">\n\t\t\t\t<div class=\"elementor-widget-container\">\n\t\t\t<div id=\"ct_heading-e7c34af\" class=\"ct-heading h-align- sub-style2 ct-heading-left item-st-default\">\r\n\t<div class=\"ct-inline-css\"  data-css=\"\r\n        \">\r\n    <\/div>\r\n        <h3 class=\"item--title st-default wow wow fadeInUp\" data-wow-delay=\"ms\">\r\n                <span class=\"sp-main\">\r\n            \r\n            Kusursuz Hizmet Anlay\u0131\u015f\u0131 \u0130le Yan\u0131n\u0131zday\u0131z.\r\n            \r\n                    <\/span>\r\n            <\/h3>\r\n<\/div>\t\t<\/div>\n\t\t\t\t<\/div>\n\t\t\t\t<div class=\"elementor-element elementor-element-10df5e6a wow fadeInUp elementor-widget elementor-widget-text-editor\" data-id=\"10df5e6a\" data-element_type=\"widget\" data-widget_type=\"text-editor.default\">\n\t\t\t\t<div class=\"elementor-widget-container\">\n\t\t\t<style>\/*! elementor - v3.23.0 - 25-07-2024 *\/\n.elementor-widget-text-editor.elementor-drop-cap-view-stacked .elementor-drop-cap{background-color:#69727d;color:#fff}.elementor-widget-text-editor.elementor-drop-cap-view-framed .elementor-drop-cap{color:#69727d;border:3px solid;background-color:transparent}.elementor-widget-text-editor:not(.elementor-drop-cap-view-default) .elementor-drop-cap{margin-top:8px}.elementor-widget-text-editor:not(.elementor-drop-cap-view-default) .elementor-drop-cap-letter{width:1em;height:1em}.elementor-widget-text-editor .elementor-drop-cap{float:left;text-align:center;line-height:1;font-size:50px}.elementor-widget-text-editor .elementor-drop-cap-letter{display:inline-block}<\/style>\t\t\t\t<p class=\"p1\">\u00c7a\u011fda\u015f medeniyetlerle, rekabetten emin ad\u0131mlarla yol alan, bu yolda G\u00fcmr\u00fck birli\u011fine \u00fcye, Avrupa Birli\u011fi\u00b4ne aday konumundaki \u00fclkemizin ekonomisi ile do\u011frudan ba\u011flant\u0131l\u0131 olan d\u0131\u015f ticaret ve ve bunun bir kolu olan G\u00fcmr\u00fck i\u015flemlerinde b\u00fcy\u00fck bir sorumluluk y\u00fcklenmi\u015f olan bizler, g\u00fcmr\u00fckleme hizmetlerindeki yerle\u015fik anlay\u0131\u015flar\u0131n d\u0131\u015f\u0131na \u00e7\u0131k\u0131lmas\u0131 gerekti\u011fini d\u00fc\u015f\u00fcnerek 1909lu y\u0131llarda ba\u015flayan g\u00fcmr\u00fck komisyonculu\u011fu devrinin kapanarak yerine daha profesyonel, daha \u00e7a\u011fda\u015f, sorumlulu\u011fu daha fazla, g\u00f6revini daha geni\u015f kapsaml\u0131 alanlarda icra eden G\u00fcmr\u00fck M\u00fc\u015favirli\u011fi anlay\u0131\u015f\u0131 ile hizmet vermekteyiz.<\/p>\n<p class=\"p1\">Mersin G\u00fcmr\u00fck M\u00fc\u015favirleri Derne\u011fi \u00fcyesi olan firmam\u0131z A ( M\u00fc\u015favir ) yetki belgesine sahip y\u00f6neticileri ile hizmetlerini profesyonelce s\u00fcrd\u00fcrmektedir. Konusunda uzmanla\u015fm\u0131\u015f gen\u00e7, dinamik personeli ve \u00fcst y\u00f6netimin sahip oldu\u011fu deneyimden faydalanarak, zaman\u0131 do\u011fru kullanarak, en iyi ve en h\u0131zl\u0131 hizmeti vermek amac\u0131nday\u0131z. \u00c7\u00fcnk\u00fc zaman bizim i\u00e7in s\u0131n\u0131rl\u0131 ve de\u011ferlidir.<\/p>\n<p class=\"p1\">G\u00fcmr\u00fck M\u00fcste\u015farl\u0131\u011f\u0131 bilgi i\u015flem dairesine direk ba\u011flant\u0131l\u0131 olan Edi program\u0131 ile On-Line ba\u011flant\u0131m\u0131z mevcut olup, bu sayede beyannamelerin hatas\u0131z s\u00fcratli yaz\u0131larak kendi ofisimizde tescil ve takip i\u015flemleri elektronik ortamda yap\u0131lmaktad\u0131r.&nbsp;<\/p>\t\t\t\t\t\t<\/div>\n\t\t\t\t<\/div>\n\t\t            <\/div>\n        <\/div>\n                <div class=\"elementor-column elementor-col-50 elementor-top-column elementor-element elementor-element-431858c4\" data-id=\"431858c4\" data-element_type=\"column\">\n        <div class=\"elementor-widget-wrap elementor-element-populated\">\n                    \n        \t\t<div class=\"elementor-element elementor-element-160cdc54 wow fadeInRight elementor-widget elementor-widget-image\" data-id=\"160cdc54\" data-element_type=\"widget\" data-widget_type=\"image.default\">\n\t\t\t\t<div class=\"elementor-widget-container\">\n\t\t\t<style>\/*! elementor - v3.23.0 - 25-07-2024 *\/\n.elementor-widget-image{text-align:center}.elementor-widget-image a{display:inline-block}.elementor-widget-image a img[src$=\".svg\"]{width:48px}.elementor-widget-image img{vertical-align:middle;display:inline-block}<\/style>\t\t\t\t\t\t\t\t\t\t<img fetchpriority=\"high\" decoding=\"async\" width=\"520\" height=\"650\" src=\"https:\/\/etaport.com.tr\/wp-content\/uploads\/2024\/07\/fst-lojistik-kara-hava-denizyolu-tasimaciligi-hakkimizda.jpg\" class=\"attachment-full size-full wp-image-4267\" alt=\"\" srcset=\"https:\/\/etaport.com.tr\/wp-content\/uploads\/2024\/07\/fst-lojistik-kara-hava-denizyolu-tasimaciligi-hakkimizda.jpg 520w, https:\/\/etaport.com.tr\/wp-content\/uploads\/2024\/07\/fst-lojistik-kara-hava-denizyolu-tasimaciligi-hakkimizda-240x300.jpg 240w\" sizes=\"(max-width: 520px) 100vw, 520px\" \/>\t\t\t\t\t\t\t\t\t\t\t\t\t<\/div>\n\t\t\t\t<\/div>\n\t\t\t\t<div class=\"elementor-element elementor-element-2901ab2 wow fadeInRight elementor-widget elementor-widget-image\" data-id=\"2901ab2\" data-element_type=\"widget\" data-widget_type=\"image.default\">\n\t\t\t\t<div class=\"elementor-widget-container\">\n\t\t\t\t\t\t\t\t\t\t\t\t\t<img decoding=\"async\" width=\"607\" height=\"160\" src=\"https:\/\/etaport.com.tr\/wp-content\/uploads\/2024\/07\/eta-port-logo.jpg\" class=\"attachment-full size-full wp-image-4140\" alt=\"\" srcset=\"https:\/\/etaport.com.tr\/wp-content\/uploads\/2024\/07\/eta-port-logo.jpg 607w, https:\/\/etaport.com.tr\/wp-content\/uploads\/2024\/07\/eta-port-logo-600x158.jpg 600w, https:\/\/etaport.com.tr\/wp-content\/uploads\/2024\/07\/eta-port-logo-300x79.jpg 300w\" sizes=\"(max-width: 607px) 100vw, 607px\" \/>\t\t\t\t\t\t\t\t\t\t\t\t\t<\/div>\n\t\t\t\t<\/div>\n\t\t            <\/div>\n        <\/div>\n                    <\/div>\n        <\/section>\n                <section class=\"elementor-section elementor-top-section elementor-element elementor-element-a85a00b elementor-section-boxed elementor-section-height-default elementor-section-height-default ct-header-fixed-none ct-row-max-none\" data-id=\"a85a00b\" data-element_type=\"section\">\n            \n                        <div class=\"elementor-container elementor-column-gap-extended \">\n                    <div class=\"elementor-column elementor-col-100 elementor-top-column elementor-element elementor-element-5846a252\" data-id=\"5846a252\" data-element_type=\"column\">\n        <div class=\"elementor-widget-wrap elementor-element-populated\">\n                    \n        \t\t<div class=\"elementor-element elementor-element-78aad6aa elementor-widget elementor-widget-ct_cta\" data-id=\"78aad6aa\" data-element_type=\"widget\" data-widget_type=\"ct_cta.default\">\n\t\t\t\t<div class=\"elementor-widget-container\">\n\t\t\t<div class=\"ct-cta1 \">\r\n            <div class=\"item--holder\">\r\n            <span class=\"item--title\">Eta Port Hizmetlerinin<\/span>\r\n            <span class=\"item--desc\">Tamam\u0131n\u0131 G\u00f6rmek \u0130\u00e7in<\/span>\r\n        <\/div>\r\n                <div class=\"item--button\">\r\n            <a class=\"btn btn-default\" href=\"https:\/\/etaport.com.tr\/?page_id=24\">\r\n                                    <i aria-hidden=\"true\" class=\"fas fa-location-arrow\"><\/i>                                Butona Bas\u0131n\u0131z            <\/a>\r\n        <\/div>\r\n    <\/div>\r\n\t\t<\/div>\n\t\t\t\t<\/div>\n\t\t            <\/div>\n        <\/div>\n                    <\/div>\n        <\/section>\n                <section class=\"elementor-section elementor-top-section elementor-element elementor-element-271a828 elementor-section-boxed elementor-section-height-default elementor-section-height-default ct-header-fixed-none ct-row-max-none\" data-id=\"271a828\" data-element_type=\"section\">\n            \n                        <div class=\"elementor-container elementor-column-gap-extended \">\n                    <div class=\"elementor-column elementor-col-100 elementor-top-column elementor-element elementor-element-216aa41\" data-id=\"216aa41\" data-element_type=\"column\">\n        <div class=\"elementor-widget-wrap elementor-element-populated\">\n                    \n                <section class=\"elementor-section elementor-inner-section elementor-element elementor-element-bd79acf elementor-section-content-middle elementor-section-boxed elementor-section-height-default elementor-section-height-default ct-header-fixed-none ct-row-max-none\" data-id=\"bd79acf\" data-element_type=\"section\">\n            \n                        <div class=\"elementor-container elementor-column-gap-extended \">\n                    <div class=\"elementor-column elementor-col-50 elementor-inner-column elementor-element elementor-element-284946a\" data-id=\"284946a\" data-element_type=\"column\">\n        <div class=\"elementor-widget-wrap elementor-element-populated\">\n                    \n        \t\t<div class=\"elementor-element elementor-element-2e424e89 elementor-widget elementor-widget-ct_heading\" data-id=\"2e424e89\" data-element_type=\"widget\" data-widget_type=\"ct_heading.default\">\n\t\t\t\t<div class=\"elementor-widget-container\">\n\t\t\t<div id=\"ct_heading-2e424e89\" class=\"ct-heading h-align- sub-style2 ct-heading-left item-st-default\">\r\n\t<div class=\"ct-inline-css\"  data-css=\"\r\n        \">\r\n    <\/div>\r\n        <h3 class=\"item--title st-default wow wow fadeInUp\" data-wow-delay=\"ms\">\r\n                <span class=\"sp-main\">\r\n            \r\n            Eta Port G\u00fcmr\u00fckleme ve Lojistik Hizmet Poltikas\u0131\r\n            \r\n                    <\/span>\r\n            <\/h3>\r\n<\/div>\t\t<\/div>\n\t\t\t\t<\/div>\n\t\t            <\/div>\n        <\/div>\n                <div class=\"elementor-column elementor-col-50 elementor-inner-column elementor-element elementor-element-ebf2f68\" data-id=\"ebf2f68\" data-element_type=\"column\">\n        <div class=\"elementor-widget-wrap elementor-element-populated\">\n                    \n        \t\t<div class=\"elementor-element elementor-element-1e183e09 wow fadeInRight elementor-widget__width-initial elementor-widget elementor-widget-text-editor\" data-id=\"1e183e09\" data-element_type=\"widget\" data-widget_type=\"text-editor.default\">\n\t\t\t\t<div class=\"elementor-widget-container\">\n\t\t\t\t\t\t\t<p>M\u00fc\u015fterilerimiz \u00e7\u00f6z\u00fcm orta\u011f\u0131m\u0131zd\u0131r,hedefleri bizim hedeflerimizdir.M\u00fc\u015fteriyi dinler,ihtiya\u00e7lar\u0131n\u0131 do\u011fru tespit eder,kar\u015f\u0131la\u015f\u0131lan her t\u00fcrl\u00fc soruna erken ve kal\u0131c\u0131 \u00e7\u00f6z\u00fcmler bulmaya \u00e7aba sarfederiz, G\u00fc\u00e7l\u00fc ve G\u00fcvenilir Olmak<\/p>\t\t\t\t\t\t<\/div>\n\t\t\t\t<\/div>\n\t\t            <\/div>\n        <\/div>\n                    <\/div>\n        <\/section>\n        \t\t<div class=\"elementor-element elementor-element-654682a1 elementor-widget elementor-widget-ct_fancy_box_grid\" data-id=\"654682a1\" data-element_type=\"widget\" data-widget_type=\"ct_fancy_box_grid.default\">\n\t\t\t\t<div class=\"elementor-widget-container\">\n\t\t\t    <div id=\"ct_fancy_box_grid-654682a1\" class=\"ct-grid ct-fancy-box-grid ct-fancy-box-grid2\">\r\n        <div class=\"ct-grid-inner ct-grid-masonry row\" data-gutter=\"7\">\r\n                            <div class=\"grid-item col-xl-4 col-lg-4 col-md-6 col-sm-6 col-12\">\r\n                    <div class=\"item--inner same-height\">\r\n                                                                            <div class=\"item--icon\">\r\n                                <img decoding=\"async\" width=\"137\" height=\"150\" src=\"https:\/\/etaport.com.tr\/wp-content\/uploads\/2020\/02\/icon-partnership.png\" class=\"attachment-full\" alt=\"\" \/>                            <\/div>\r\n                        \r\n                        <h3 class=\"item--title\">    \r\n                            M\u00fc\u015fteri Odakl\u0131                        <\/h3>\r\n                        <div class=\"item--desc\"><\/div>\r\n                                           <\/div>\r\n                   <div class=\"item--shadow\"><\/div>\r\n                <\/div>\r\n                            <div class=\"grid-item col-xl-4 col-lg-4 col-md-6 col-sm-6 col-12\">\r\n                    <div class=\"item--inner same-height\">\r\n                                                                            <div class=\"item--icon\">\r\n                                <img loading=\"lazy\" decoding=\"async\" width=\"171\" height=\"150\" src=\"https:\/\/etaport.com.tr\/wp-content\/uploads\/2020\/02\/icon-analysis.png\" class=\"attachment-full\" alt=\"\" \/>                            <\/div>\r\n                        \r\n                        <h3 class=\"item--title\">    \r\n                            Piyasa Analizi                        <\/h3>\r\n                        <div class=\"item--desc\"><\/div>\r\n                                           <\/div>\r\n                   <div class=\"item--shadow\"><\/div>\r\n                <\/div>\r\n                            <div class=\"grid-item col-xl-4 col-lg-4 col-md-6 col-sm-6 col-12\">\r\n                    <div class=\"item--inner same-height\">\r\n                                                                            <div class=\"item--icon\">\r\n                                <img loading=\"lazy\" decoding=\"async\" width=\"118\" height=\"150\" src=\"https:\/\/etaport.com.tr\/wp-content\/uploads\/2020\/02\/icon-chart-star.png\" class=\"attachment-full\" alt=\"\" \/>                            <\/div>\r\n                        \r\n                        <h3 class=\"item--title\">    \r\n                            Uygun Teklif                        <\/h3>\r\n                        <div class=\"item--desc\"><\/div>\r\n                                           <\/div>\r\n                   <div class=\"item--shadow\"><\/div>\r\n                <\/div>\r\n                            <div class=\"grid-item col-xl-4 col-lg-4 col-md-6 col-sm-6 col-12\">\r\n                    <div class=\"item--inner same-height\">\r\n                                                                            <div class=\"item--icon\">\r\n                                <img loading=\"lazy\" decoding=\"async\" width=\"117\" height=\"150\" src=\"https:\/\/etaport.com.tr\/wp-content\/uploads\/2020\/02\/icon-money-bag.png\" class=\"attachment-full\" alt=\"\" \/>                            <\/div>\r\n                        \r\n                        <h3 class=\"item--title\">    \r\n                            Uzman Kadro                        <\/h3>\r\n                        <div class=\"item--desc\"><\/div>\r\n                                           <\/div>\r\n                   <div class=\"item--shadow\"><\/div>\r\n                <\/div>\r\n                            <div class=\"grid-item col-xl-4 col-lg-4 col-md-6 col-sm-6 col-12\">\r\n                    <div class=\"item--inner same-height\">\r\n                                                                            <div class=\"item--icon\">\r\n                                <img loading=\"lazy\" decoding=\"async\" width=\"135\" height=\"150\" src=\"https:\/\/etaport.com.tr\/wp-content\/uploads\/2020\/02\/icon-idea.png\" class=\"attachment-full\" alt=\"\" \/>                            <\/div>\r\n                        \r\n                        <h3 class=\"item--title\">    \r\n                            \u00c7\u00f6z\u00fcm Odakl\u0131                        <\/h3>\r\n                        <div class=\"item--desc\"><\/div>\r\n                                           <\/div>\r\n                   <div class=\"item--shadow\"><\/div>\r\n                <\/div>\r\n                            <div class=\"grid-item col-xl-4 col-lg-4 col-md-6 col-sm-6 col-12\">\r\n                    <div class=\"item--inner same-height\">\r\n                                                                            <div class=\"item--icon\">\r\n                                <img loading=\"lazy\" decoding=\"async\" width=\"146\" height=\"150\" src=\"https:\/\/etaport.com.tr\/wp-content\/uploads\/2020\/02\/icon-business.png\" class=\"attachment-full\" alt=\"\" \/>                            <\/div>\r\n                        \r\n                        <h3 class=\"item--title\">    \r\n                            G\u00fcvenilir Marka                        <\/h3>\r\n                        <div class=\"item--desc\"><\/div>\r\n                                           <\/div>\r\n                   <div class=\"item--shadow\"><\/div>\r\n                <\/div>\r\n                        <div class=\"grid-sizer col-xl-4 col-lg-4 col-md-6 col-sm-6 col-12\"><\/div>\r\n        <\/div>\r\n    <\/div>\r\n\t\t<\/div>\n\t\t\t\t<\/div>\n\t\t            <\/div>\n        <\/div>\n                    <\/div>\n        <\/section>\n        <div class=\"elementor-element elementor-element-aa63b1f e-flex e-con-boxed e-con e-parent\" data-id=\"aa63b1f\" data-element_type=\"container\">\n\t\t\t\t\t<div class=\"e-con-inner\">\n\t\t<div class=\"elementor-element elementor-element-38cfdfc e-con-full e-flex e-con e-child\" data-id=\"38cfdfc\" data-element_type=\"container\">\n\t\t\t\t<div class=\"elementor-element elementor-element-77f883e elementor-widget elementor-widget-image\" data-id=\"77f883e\" data-element_type=\"widget\" data-widget_type=\"image.default\">\n\t\t\t\t<div class=\"elementor-widget-container\">\n\t\t\t\t\t\t\t\t\t\t\t\t\t<img loading=\"lazy\" decoding=\"async\" width=\"640\" height=\"640\" src=\"https:\/\/etaport.com.tr\/wp-content\/uploads\/2024\/07\/kare-1.jpg\" class=\"attachment-large size-large wp-image-4214\" alt=\"\" srcset=\"https:\/\/etaport.com.tr\/wp-content\/uploads\/2024\/07\/kare-1.jpg 1000w, https:\/\/etaport.com.tr\/wp-content\/uploads\/2024\/07\/kare-1-300x300.jpg 300w, https:\/\/etaport.com.tr\/wp-content\/uploads\/2024\/07\/kare-1-150x150.jpg 150w, https:\/\/etaport.com.tr\/wp-content\/uploads\/2024\/07\/kare-1-768x768.jpg 768w, https:\/\/etaport.com.tr\/wp-content\/uploads\/2024\/07\/kare-1-600x600.jpg 600w\" sizes=\"(max-width: 640px) 100vw, 640px\" \/>\t\t\t\t\t\t\t\t\t\t\t\t\t<\/div>\n\t\t\t\t<\/div>\n\t\t\t\t<\/div>\n\t\t<div class=\"elementor-element elementor-element-778a0fc e-con-full e-flex e-con e-child\" data-id=\"778a0fc\" data-element_type=\"container\">\n\t\t\t\t<div class=\"elementor-element elementor-element-961bbc2 elementor-widget elementor-widget-image\" data-id=\"961bbc2\" data-element_type=\"widget\" data-widget_type=\"image.default\">\n\t\t\t\t<div class=\"elementor-widget-container\">\n\t\t\t\t\t\t\t\t\t\t\t\t\t<img loading=\"lazy\" decoding=\"async\" width=\"640\" height=\"640\" src=\"https:\/\/etaport.com.tr\/wp-content\/uploads\/2024\/07\/kare6.jpg\" class=\"attachment-large size-large wp-image-4209\" alt=\"\" srcset=\"https:\/\/etaport.com.tr\/wp-content\/uploads\/2024\/07\/kare6.jpg 1000w, https:\/\/etaport.com.tr\/wp-content\/uploads\/2024\/07\/kare6-300x300.jpg 300w, https:\/\/etaport.com.tr\/wp-content\/uploads\/2024\/07\/kare6-150x150.jpg 150w, https:\/\/etaport.com.tr\/wp-content\/uploads\/2024\/07\/kare6-768x768.jpg 768w, https:\/\/etaport.com.tr\/wp-content\/uploads\/2024\/07\/kare6-600x600.jpg 600w\" sizes=\"(max-width: 640px) 100vw, 640px\" \/>\t\t\t\t\t\t\t\t\t\t\t\t\t<\/div>\n\t\t\t\t<\/div>\n\t\t\t\t<\/div>\n\t\t<div class=\"elementor-element elementor-element-b89ab5e e-con-full e-flex e-con e-child\" data-id=\"b89ab5e\" data-element_type=\"container\">\n\t\t\t\t<div class=\"elementor-element elementor-element-1c3486d elementor-widget elementor-widget-image\" data-id=\"1c3486d\" data-element_type=\"widget\" data-widget_type=\"image.default\">\n\t\t\t\t<div class=\"elementor-widget-container\">\n\t\t\t\t\t\t\t\t\t\t\t\t\t<img loading=\"lazy\" decoding=\"async\" width=\"640\" height=\"640\" src=\"https:\/\/etaport.com.tr\/wp-content\/uploads\/2024\/07\/kare2.jpg\" class=\"attachment-large size-large wp-image-4213\" alt=\"\" srcset=\"https:\/\/etaport.com.tr\/wp-content\/uploads\/2024\/07\/kare2.jpg 1000w, https:\/\/etaport.com.tr\/wp-content\/uploads\/2024\/07\/kare2-300x300.jpg 300w, https:\/\/etaport.com.tr\/wp-content\/uploads\/2024\/07\/kare2-150x150.jpg 150w, https:\/\/etaport.com.tr\/wp-content\/uploads\/2024\/07\/kare2-768x768.jpg 768w, https:\/\/etaport.com.tr\/wp-content\/uploads\/2024\/07\/kare2-600x600.jpg 600w\" sizes=\"(max-width: 640px) 100vw, 640px\" \/>\t\t\t\t\t\t\t\t\t\t\t\t\t<\/div>\n\t\t\t\t<\/div>\n\t\t\t\t<\/div>\n\t\t<div class=\"elementor-element elementor-element-5c6c812 e-con-full e-flex e-con e-child\" data-id=\"5c6c812\" data-element_type=\"container\">\n\t\t\t\t<div class=\"elementor-element elementor-element-2a8d081 elementor-widget elementor-widget-image\" data-id=\"2a8d081\" data-element_type=\"widget\" data-widget_type=\"image.default\">\n\t\t\t\t<div class=\"elementor-widget-container\">\n\t\t\t\t\t\t\t\t\t\t\t\t\t<img loading=\"lazy\" decoding=\"async\" width=\"640\" height=\"640\" src=\"https:\/\/etaport.com.tr\/wp-content\/uploads\/2024\/07\/kare3.jpg\" class=\"attachment-large size-large wp-image-4212\" alt=\"\" srcset=\"https:\/\/etaport.com.tr\/wp-content\/uploads\/2024\/07\/kare3.jpg 1000w, https:\/\/etaport.com.tr\/wp-content\/uploads\/2024\/07\/kare3-300x300.jpg 300w, https:\/\/etaport.com.tr\/wp-content\/uploads\/2024\/07\/kare3-150x150.jpg 150w, https:\/\/etaport.com.tr\/wp-content\/uploads\/2024\/07\/kare3-768x768.jpg 768w, https:\/\/etaport.com.tr\/wp-content\/uploads\/2024\/07\/kare3-600x600.jpg 600w\" sizes=\"(max-width: 640px) 100vw, 640px\" \/>\t\t\t\t\t\t\t\t\t\t\t\t\t<\/div>\n\t\t\t\t<\/div>\n\t\t\t\t<\/div>\n\t\t\t\t\t<\/div>\n\t\t\t\t<\/div>\n\t\t\t\t<\/div>\n\t\t","protected":false},"excerpt":{"rendered":"<p>Kusursuz Hizmet Anlay\u0131\u015f\u0131 \u0130le Yan\u0131n\u0131zday\u0131z. \u00c7a\u011fda\u015f medeniyetlerle, rekabetten emin ad\u0131mlarla yol alan, bu yolda G\u00fcmr\u00fck birli\u011fine \u00fcye, Avrupa Birli\u011fi\u00b4ne aday konumundaki \u00fclkemizin ekonomisi ile do\u011frudan ba\u011flant\u0131l\u0131 olan d\u0131\u015f ticaret ve ve bunun bir kolu olan G\u00fcmr\u00fck i\u015flemlerinde b\u00fcy\u00fck bir sorumluluk y\u00fcklenmi\u015f olan bizler, g\u00fcmr\u00fckleme hizmetlerindeki yerle\u015fik anlay\u0131\u015flar\u0131n d\u0131\u015f\u0131na \u00e7\u0131k\u0131lmas\u0131 gerekti\u011fini d\u00fc\u015f\u00fcnerek 1909lu y\u0131llarda ba\u015flayan g\u00fcmr\u00fck [&hellip;]<\/p>\n","protected":false},"author":1,"featured_media":0,"parent":0,"menu_order":0,"comment_status":"closed","ping_status":"closed","template":"","meta":{"footnotes":""},"class_list":["post-3491","page","type-page","status-publish","hentry"],"_links":{"self":[{"href":"https:\/\/etaport.com.tr\/index.php?rest_route=\/wp\/v2\/pages\/3491"}],"collection":[{"href":"https:\/\/etaport.com.tr\/index.php?rest_route=\/wp\/v2\/pages"}],"about":[{"href":"https:\/\/etaport.com.tr\/index.php?rest_route=\/wp\/v2\/types\/page"}],"author":[{"embeddable":true,"href":"https:\/\/etaport.com.tr\/index.php?rest_route=\/wp\/v2\/users\/1"}],"replies":[{"embeddable":true,"href":"https:\/\/etaport.com.tr\/index.php?rest_route=%2Fwp%2Fv2%2Fcomments&post=3491"}],"version-history":[{"count":19,"href":"https:\/\/etaport.com.tr\/index.php?rest_route=\/wp\/v2\/pages\/3491\/revisions"}],"predecessor-version":[{"id":4352,"href":"https:\/\/etaport.com.tr\/index.php?rest_route=\/wp\/v2\/pages\/3491\/revisions\/4352"}],"wp:attachment":[{"href":"https:\/\/etaport.com.tr\/index.php?rest_route=%2Fwp%2Fv2%2Fmedia&parent=3491"}],"curies":[{"name":"wp","href":"https:\/\/api.w.org\/{rel}","templated":true}]}}