{"id":407,"date":"2019-11-11T08:33:51","date_gmt":"2019-11-11T08:33:51","guid":{"rendered":"https:\/\/demo.casethemes.net\/consultio-business\/?page_id=407"},"modified":"2024-07-31T15:06:30","modified_gmt":"2024-07-31T15:06:30","slug":"services-v-1","status":"publish","type":"page","link":"https:\/\/etaport.com.tr\/?page_id=407","title":{"rendered":"H\u0130ZMETLER\u0130M\u0130Z"},"content":{"rendered":"\t\t<div data-elementor-type=\"wp-page\" data-elementor-id=\"407\" class=\"elementor elementor-407\">\n\t\t\t\t<div class=\"elementor-element elementor-element-6235dee e-flex e-con-boxed e-con e-parent\" data-id=\"6235dee\" data-element_type=\"container\">\n\t\t\t\t\t<div class=\"e-con-inner\">\n\t\t\t\t<div class=\"elementor-element elementor-element-cf14bf4 elementor-widget elementor-widget-spacer\" data-id=\"cf14bf4\" data-element_type=\"widget\" data-widget_type=\"spacer.default\">\n\t\t\t\t<div class=\"elementor-widget-container\">\n\t\t\t<style>\/*! elementor - v3.23.0 - 25-07-2024 *\/\n.elementor-column .elementor-spacer-inner{height:var(--spacer-size)}.e-con{--container-widget-width:100%}.e-con-inner>.elementor-widget-spacer,.e-con>.elementor-widget-spacer{width:var(--container-widget-width,var(--spacer-size));--align-self:var(--container-widget-align-self,initial);--flex-shrink:0}.e-con-inner>.elementor-widget-spacer>.elementor-widget-container,.e-con>.elementor-widget-spacer>.elementor-widget-container{height:100%;width:100%}.e-con-inner>.elementor-widget-spacer>.elementor-widget-container>.elementor-spacer,.e-con>.elementor-widget-spacer>.elementor-widget-container>.elementor-spacer{height:100%}.e-con-inner>.elementor-widget-spacer>.elementor-widget-container>.elementor-spacer>.elementor-spacer-inner,.e-con>.elementor-widget-spacer>.elementor-widget-container>.elementor-spacer>.elementor-spacer-inner{height:var(--container-widget-height,var(--spacer-size))}.e-con-inner>.elementor-widget-spacer.elementor-widget-empty,.e-con>.elementor-widget-spacer.elementor-widget-empty{position:relative;min-height:22px;min-width:22px}.e-con-inner>.elementor-widget-spacer.elementor-widget-empty .elementor-widget-empty-icon,.e-con>.elementor-widget-spacer.elementor-widget-empty .elementor-widget-empty-icon{position:absolute;top:0;bottom:0;left:0;right:0;margin:auto;padding:0;width:22px;height:22px}<\/style>\t\t<div class=\"elementor-spacer\">\n\t\t\t<div class=\"elementor-spacer-inner\"><\/div>\n\t\t<\/div>\n\t\t\t\t<\/div>\n\t\t\t\t<\/div>\n\t\t\t\t\t<\/div>\n\t\t\t\t<\/div>\n\t\t<div class=\"elementor-element elementor-element-3792e65 e-flex e-con-boxed e-con e-parent\" data-id=\"3792e65\" data-element_type=\"container\">\n\t\t\t\t\t<div class=\"e-con-inner\">\n\t\t\t\t<div class=\"elementor-element elementor-element-a2ce34c elementor-widget elementor-widget-heading\" data-id=\"a2ce34c\" data-element_type=\"widget\" data-widget_type=\"heading.default\">\n\t\t\t\t<div class=\"elementor-widget-container\">\n\t\t\t<style>\/*! elementor - v3.23.0 - 25-07-2024 *\/\n.elementor-heading-title{padding:0;margin:0;line-height:1}.elementor-widget-heading .elementor-heading-title[class*=elementor-size-]>a{color:inherit;font-size:inherit;line-height:inherit}.elementor-widget-heading .elementor-heading-title.elementor-size-small{font-size:15px}.elementor-widget-heading .elementor-heading-title.elementor-size-medium{font-size:19px}.elementor-widget-heading .elementor-heading-title.elementor-size-large{font-size:29px}.elementor-widget-heading .elementor-heading-title.elementor-size-xl{font-size:39px}.elementor-widget-heading .elementor-heading-title.elementor-size-xxl{font-size:59px}<\/style><h2 class=\"elementor-heading-title elementor-size-default\">T\u00dcM H\u0130ZMETLER\u0130M\u0130Z<\/h2>\t\t<\/div>\n\t\t\t\t<\/div>\n\t\t\t\t\t<\/div>\n\t\t\t\t<\/div>\n\t\t<div class=\"elementor-element elementor-element-4100ef4 e-flex e-con-boxed e-con e-parent\" data-id=\"4100ef4\" data-element_type=\"container\">\n\t\t\t\t\t<div class=\"e-con-inner\">\n\t\t\t\t<div class=\"elementor-element elementor-element-2c323c9 elementor-widget elementor-widget-ct_service_carousel\" data-id=\"2c323c9\" data-element_type=\"widget\" data-widget_type=\"ct_service_carousel.default\">\n\t\t\t\t<div class=\"elementor-widget-container\">\n\t\t\t\r\n<div id=\"ct_service_carousel-2c323c9\" class=\"ct-service-carousel6 ct-slick-slider dots-square style1\">\r\n    <div class=\"ct-carousel-inner\">\r\n        <div class=\"ct-slick-carousel\" data-arrows=\"true\" data-dots=\"false\" data-pauseOnHover=\"false\" data-autoplay=\"false\" data-autoplaySpeed=\"5000\" data-infinite=\"false\" data-speed=\"500\" data-colxs=\"1\" data-colsm=\"2\" data-colmd=\"2\" data-collg=\"2\" data-colxl=\"2\" data-dir=\"false\" data-slidesToScroll=\"2\">\r\n                    <div class=\"carousel-item slick-slide\">\r\n                <div class=\"grid-item-inner \">\r\n                                            <div class=\"item--featured\">\r\n                            <div class=\"item--featured-image\">\r\n                                <a href=\"https:\/\/etaport.com.tr\/?service=web-desiging\"><img fetchpriority=\"high\" decoding=\"async\" class=\"\" src=\"https:\/\/etaport.com.tr\/wp-content\/uploads\/2024\/07\/kare2-600x315.jpg\" width=\"600\" height=\"315\" alt=\"kare2\" title=\"kare2\" \/><\/a>\r\n                            <\/div>\r\n                                                            \r\n                                                                                    <\/div>\r\n                                        <div class=\"item--meta\">\r\n                                                    <h3 class=\"item--title\"><a href=\"https:\/\/etaport.com.tr\/?service=web-desiging\">G\u00fcmr\u00fck Hizmetleri<\/a><\/h3>\r\n                                                                            <div class=\"item--desc\">\r\n                                Eta Port G\u00fcmr\u00fckleme ve Lojistik Ailesi Olarak Yan\u0131n\u0131zday\u0131z                            <\/div>\r\n                                                                            <div class=\"entry-readmore\">\r\n                                <a href=\"https:\/\/etaport.com.tr\/?service=web-desiging\">\r\n                                    <span>\r\n                                        Detayl\u0131 Oku                                    <\/span>\r\n                                    <svg version=\"1.1\" xmlns=\"http:\/\/www.w3.org\/2000\/svg\" xmlns:xlink=\"http:\/\/www.w3.org\/1999\/xlink\" x=\"0px\" y=\"0px\" viewBox=\"0 0 414.165 414.165\" xml:space=\"preserve\">\r\n                                        <g>\r\n                                            <polygon points=\"313.749,106.677 283.584,136.843 332.501,185.76 0,185.76 0,228.427 332.501,228.427 283.584,277.344 \r\n                                                313.749,307.488 414.165,207.093         \"\/>\r\n                                        <\/g>\r\n                                    <\/svg>\r\n                                <\/a>\r\n                            <\/div>\r\n                                            <\/div> \r\n                <\/div>\r\n            <\/div>\r\n                    <div class=\"carousel-item slick-slide\">\r\n                <div class=\"grid-item-inner \">\r\n                                            <div class=\"item--featured\">\r\n                            <div class=\"item--featured-image\">\r\n                                <a href=\"https:\/\/etaport.com.tr\/?service=transit-hizmetleri\"><img decoding=\"async\" class=\"\" src=\"https:\/\/etaport.com.tr\/wp-content\/uploads\/2024\/07\/kare5-600x315.jpg\" width=\"600\" height=\"315\" alt=\"kare5\" title=\"kare5\" \/><\/a>\r\n                            <\/div>\r\n                                                            \r\n                                                                                    <\/div>\r\n                                        <div class=\"item--meta\">\r\n                                                    <h3 class=\"item--title\"><a href=\"https:\/\/etaport.com.tr\/?service=transit-hizmetleri\">Transit Hizmetleri<\/a><\/h3>\r\n                                                                            <div class=\"item--desc\">\r\n                                Eta Port G\u00fcmr\u00fckleme ve Lojistik Ailesi Olarak Yan\u0131n\u0131zday\u0131z                            <\/div>\r\n                                                                            <div class=\"entry-readmore\">\r\n                                <a href=\"https:\/\/etaport.com.tr\/?service=transit-hizmetleri\">\r\n                                    <span>\r\n                                        Detayl\u0131 Oku                                    <\/span>\r\n                                    <svg version=\"1.1\" xmlns=\"http:\/\/www.w3.org\/2000\/svg\" xmlns:xlink=\"http:\/\/www.w3.org\/1999\/xlink\" x=\"0px\" y=\"0px\" viewBox=\"0 0 414.165 414.165\" xml:space=\"preserve\">\r\n                                        <g>\r\n                                            <polygon points=\"313.749,106.677 283.584,136.843 332.501,185.76 0,185.76 0,228.427 332.501,228.427 283.584,277.344 \r\n                                                313.749,307.488 414.165,207.093         \"\/>\r\n                                        <\/g>\r\n                                    <\/svg>\r\n                                <\/a>\r\n                            <\/div>\r\n                                            <\/div> \r\n                <\/div>\r\n            <\/div>\r\n                    <div class=\"carousel-item slick-slide\">\r\n                <div class=\"grid-item-inner \">\r\n                                            <div class=\"item--featured\">\r\n                            <div class=\"item--featured-image\">\r\n                                <a href=\"https:\/\/etaport.com.tr\/?service=ithalat-hizmetleri\"><img decoding=\"async\" class=\"\" src=\"https:\/\/etaport.com.tr\/wp-content\/uploads\/2024\/07\/kare6-600x315.jpg\" width=\"600\" height=\"315\" alt=\"kare6\" title=\"kare6\" \/><\/a>\r\n                            <\/div>\r\n                                                            \r\n                                                                                    <\/div>\r\n                                        <div class=\"item--meta\">\r\n                                                    <h3 class=\"item--title\"><a href=\"https:\/\/etaport.com.tr\/?service=ithalat-hizmetleri\">\u0130thalat Hizmetleri<\/a><\/h3>\r\n                                                                            <div class=\"item--desc\">\r\n                                Eta Port G\u00fcmr\u00fckleme ve Lojistik Ailesi Olarak Yan\u0131n\u0131zday\u0131z                            <\/div>\r\n                                                                            <div class=\"entry-readmore\">\r\n                                <a href=\"https:\/\/etaport.com.tr\/?service=ithalat-hizmetleri\">\r\n                                    <span>\r\n                                        Detayl\u0131 Oku                                    <\/span>\r\n                                    <svg version=\"1.1\" xmlns=\"http:\/\/www.w3.org\/2000\/svg\" xmlns:xlink=\"http:\/\/www.w3.org\/1999\/xlink\" x=\"0px\" y=\"0px\" viewBox=\"0 0 414.165 414.165\" xml:space=\"preserve\">\r\n                                        <g>\r\n                                            <polygon points=\"313.749,106.677 283.584,136.843 332.501,185.76 0,185.76 0,228.427 332.501,228.427 283.584,277.344 \r\n                                                313.749,307.488 414.165,207.093         \"\/>\r\n                                        <\/g>\r\n                                    <\/svg>\r\n                                <\/a>\r\n                            <\/div>\r\n                                            <\/div> \r\n                <\/div>\r\n            <\/div>\r\n                    <div class=\"carousel-item slick-slide\">\r\n                <div class=\"grid-item-inner \">\r\n                                            <div class=\"item--featured\">\r\n                            <div class=\"item--featured-image\">\r\n                                <a href=\"https:\/\/etaport.com.tr\/?service=ihraat-hizmetleri\"><img loading=\"lazy\" decoding=\"async\" class=\"\" src=\"https:\/\/etaport.com.tr\/wp-content\/uploads\/2024\/07\/kare-600x315.jpg\" width=\"600\" height=\"315\" alt=\"kare\" title=\"kare\" \/><\/a>\r\n                            <\/div>\r\n                                                            \r\n                                                                                    <\/div>\r\n                                        <div class=\"item--meta\">\r\n                                                    <h3 class=\"item--title\"><a href=\"https:\/\/etaport.com.tr\/?service=ihraat-hizmetleri\">\u0130hracat Hizmetleri<\/a><\/h3>\r\n                                                                            <div class=\"item--desc\">\r\n                                Eta Port G\u00fcmr\u00fckleme ve Lojistik Ailesi Olarak Yan\u0131n\u0131zday\u0131z                            <\/div>\r\n                                                                            <div class=\"entry-readmore\">\r\n                                <a href=\"https:\/\/etaport.com.tr\/?service=ihraat-hizmetleri\">\r\n                                    <span>\r\n                                        Detayl\u0131 Oku                                    <\/span>\r\n                                    <svg version=\"1.1\" xmlns=\"http:\/\/www.w3.org\/2000\/svg\" xmlns:xlink=\"http:\/\/www.w3.org\/1999\/xlink\" x=\"0px\" y=\"0px\" viewBox=\"0 0 414.165 414.165\" xml:space=\"preserve\">\r\n                                        <g>\r\n                                            <polygon points=\"313.749,106.677 283.584,136.843 332.501,185.76 0,185.76 0,228.427 332.501,228.427 283.584,277.344 \r\n                                                313.749,307.488 414.165,207.093         \"\/>\r\n                                        <\/g>\r\n                                    <\/svg>\r\n                                <\/a>\r\n                            <\/div>\r\n                                            <\/div> \r\n                <\/div>\r\n            <\/div>\r\n                <\/div>\r\n    <\/div>\r\n<\/div>\r\n\t\t<\/div>\n\t\t\t\t<\/div>\n\t\t\t\t\t<\/div>\n\t\t\t\t<\/div>\n\t\t<div class=\"elementor-element elementor-element-1fb4eb7 e-flex e-con-boxed e-con e-parent\" data-id=\"1fb4eb7\" data-element_type=\"container\">\n\t\t\t\t\t<div class=\"e-con-inner\">\n\t\t\t\t<div class=\"elementor-element elementor-element-a386bee elementor-widget elementor-widget-ct_service_carousel\" data-id=\"a386bee\" data-element_type=\"widget\" data-widget_type=\"ct_service_carousel.default\">\n\t\t\t\t<div class=\"elementor-widget-container\">\n\t\t\t\r\n<div id=\"ct_service_carousel-a386bee\" class=\"ct-service-carousel6 ct-slick-slider dots-square style1\">\r\n    <div class=\"ct-carousel-inner\">\r\n        <div class=\"ct-slick-carousel\" data-arrows=\"true\" data-dots=\"false\" data-pauseOnHover=\"false\" data-autoplay=\"false\" data-autoplaySpeed=\"5000\" data-infinite=\"false\" data-speed=\"500\" data-colxs=\"1\" data-colsm=\"2\" data-colmd=\"2\" data-collg=\"2\" data-colxl=\"2\" data-dir=\"false\" data-slidesToScroll=\"2\">\r\n                    <div class=\"carousel-item slick-slide\">\r\n                <div class=\"grid-item-inner \">\r\n                                            <div class=\"item--featured\">\r\n                            <div class=\"item--featured-image\">\r\n                                <a href=\"https:\/\/etaport.com.tr\/?service=ihraat-hizmetleri\"><img loading=\"lazy\" decoding=\"async\" class=\"\" src=\"https:\/\/etaport.com.tr\/wp-content\/uploads\/2024\/07\/kare-600x315.jpg\" width=\"600\" height=\"315\" alt=\"kare\" title=\"kare\" \/><\/a>\r\n                            <\/div>\r\n                                                            \r\n                                                                                    <\/div>\r\n                                        <div class=\"item--meta\">\r\n                                                    <h3 class=\"item--title\"><a href=\"https:\/\/etaport.com.tr\/?service=ihraat-hizmetleri\">\u0130hracat Hizmetleri<\/a><\/h3>\r\n                                                                            <div class=\"item--desc\">\r\n                                Eta Port G\u00fcmr\u00fckleme ve Lojistik Ailesi Olarak Yan\u0131n\u0131zday\u0131z                            <\/div>\r\n                                                                            <div class=\"entry-readmore\">\r\n                                <a href=\"https:\/\/etaport.com.tr\/?service=ihraat-hizmetleri\">\r\n                                    <span>\r\n                                        Detayl\u0131 Oku                                    <\/span>\r\n                                    <svg version=\"1.1\" xmlns=\"http:\/\/www.w3.org\/2000\/svg\" xmlns:xlink=\"http:\/\/www.w3.org\/1999\/xlink\" x=\"0px\" y=\"0px\" viewBox=\"0 0 414.165 414.165\" xml:space=\"preserve\">\r\n                                        <g>\r\n                                            <polygon points=\"313.749,106.677 283.584,136.843 332.501,185.76 0,185.76 0,228.427 332.501,228.427 283.584,277.344 \r\n                                                313.749,307.488 414.165,207.093         \"\/>\r\n                                        <\/g>\r\n                                    <\/svg>\r\n                                <\/a>\r\n                            <\/div>\r\n                                            <\/div> \r\n                <\/div>\r\n            <\/div>\r\n                    <div class=\"carousel-item slick-slide\">\r\n                <div class=\"grid-item-inner \">\r\n                                            <div class=\"item--featured\">\r\n                            <div class=\"item--featured-image\">\r\n                                <a href=\"https:\/\/etaport.com.tr\/?service=ithalat-hizmetleri\"><img decoding=\"async\" class=\"\" src=\"https:\/\/etaport.com.tr\/wp-content\/uploads\/2024\/07\/kare6-600x315.jpg\" width=\"600\" height=\"315\" alt=\"kare6\" title=\"kare6\" \/><\/a>\r\n                            <\/div>\r\n                                                            \r\n                                                                                    <\/div>\r\n                                        <div class=\"item--meta\">\r\n                                                    <h3 class=\"item--title\"><a href=\"https:\/\/etaport.com.tr\/?service=ithalat-hizmetleri\">\u0130thalat Hizmetleri<\/a><\/h3>\r\n                                                                            <div class=\"item--desc\">\r\n                                Eta Port G\u00fcmr\u00fckleme ve Lojistik Ailesi Olarak Yan\u0131n\u0131zday\u0131z                            <\/div>\r\n                                                                            <div class=\"entry-readmore\">\r\n                                <a href=\"https:\/\/etaport.com.tr\/?service=ithalat-hizmetleri\">\r\n                                    <span>\r\n                                        Detayl\u0131 Oku                                    <\/span>\r\n                                    <svg version=\"1.1\" xmlns=\"http:\/\/www.w3.org\/2000\/svg\" xmlns:xlink=\"http:\/\/www.w3.org\/1999\/xlink\" x=\"0px\" y=\"0px\" viewBox=\"0 0 414.165 414.165\" xml:space=\"preserve\">\r\n                                        <g>\r\n                                            <polygon points=\"313.749,106.677 283.584,136.843 332.501,185.76 0,185.76 0,228.427 332.501,228.427 283.584,277.344 \r\n                                                313.749,307.488 414.165,207.093         \"\/>\r\n                                        <\/g>\r\n                                    <\/svg>\r\n                                <\/a>\r\n                            <\/div>\r\n                                            <\/div> \r\n                <\/div>\r\n            <\/div>\r\n                    <div class=\"carousel-item slick-slide\">\r\n                <div class=\"grid-item-inner \">\r\n                                            <div class=\"item--featured\">\r\n                            <div class=\"item--featured-image\">\r\n                                <a href=\"https:\/\/etaport.com.tr\/?service=transit-hizmetleri\"><img decoding=\"async\" class=\"\" src=\"https:\/\/etaport.com.tr\/wp-content\/uploads\/2024\/07\/kare5-600x315.jpg\" width=\"600\" height=\"315\" alt=\"kare5\" title=\"kare5\" \/><\/a>\r\n                            <\/div>\r\n                                                            \r\n                                                                                    <\/div>\r\n                                        <div class=\"item--meta\">\r\n                                                    <h3 class=\"item--title\"><a href=\"https:\/\/etaport.com.tr\/?service=transit-hizmetleri\">Transit Hizmetleri<\/a><\/h3>\r\n                                                                            <div class=\"item--desc\">\r\n                                Eta Port G\u00fcmr\u00fckleme ve Lojistik Ailesi Olarak Yan\u0131n\u0131zday\u0131z                            <\/div>\r\n                                                                            <div class=\"entry-readmore\">\r\n                                <a href=\"https:\/\/etaport.com.tr\/?service=transit-hizmetleri\">\r\n                                    <span>\r\n                                        Detayl\u0131 Oku                                    <\/span>\r\n                                    <svg version=\"1.1\" xmlns=\"http:\/\/www.w3.org\/2000\/svg\" xmlns:xlink=\"http:\/\/www.w3.org\/1999\/xlink\" x=\"0px\" y=\"0px\" viewBox=\"0 0 414.165 414.165\" xml:space=\"preserve\">\r\n                                        <g>\r\n                                            <polygon points=\"313.749,106.677 283.584,136.843 332.501,185.76 0,185.76 0,228.427 332.501,228.427 283.584,277.344 \r\n                                                313.749,307.488 414.165,207.093         \"\/>\r\n                                        <\/g>\r\n                                    <\/svg>\r\n                                <\/a>\r\n                            <\/div>\r\n                                            <\/div> \r\n                <\/div>\r\n            <\/div>\r\n                    <div class=\"carousel-item slick-slide\">\r\n                <div class=\"grid-item-inner \">\r\n                                            <div class=\"item--featured\">\r\n                            <div class=\"item--featured-image\">\r\n                                <a href=\"https:\/\/etaport.com.tr\/?service=web-desiging\"><img fetchpriority=\"high\" decoding=\"async\" class=\"\" src=\"https:\/\/etaport.com.tr\/wp-content\/uploads\/2024\/07\/kare2-600x315.jpg\" width=\"600\" height=\"315\" alt=\"kare2\" title=\"kare2\" \/><\/a>\r\n                            <\/div>\r\n                                                            \r\n                                                                                    <\/div>\r\n                                        <div class=\"item--meta\">\r\n                                                    <h3 class=\"item--title\"><a href=\"https:\/\/etaport.com.tr\/?service=web-desiging\">G\u00fcmr\u00fck Hizmetleri<\/a><\/h3>\r\n                                                                            <div class=\"item--desc\">\r\n                                Eta Port G\u00fcmr\u00fckleme ve Lojistik Ailesi Olarak Yan\u0131n\u0131zday\u0131z                            <\/div>\r\n                                                                            <div class=\"entry-readmore\">\r\n                                <a href=\"https:\/\/etaport.com.tr\/?service=web-desiging\">\r\n                                    <span>\r\n                                        Detayl\u0131 Oku                                    <\/span>\r\n                                    <svg version=\"1.1\" xmlns=\"http:\/\/www.w3.org\/2000\/svg\" xmlns:xlink=\"http:\/\/www.w3.org\/1999\/xlink\" x=\"0px\" y=\"0px\" viewBox=\"0 0 414.165 414.165\" xml:space=\"preserve\">\r\n                                        <g>\r\n                                            <polygon points=\"313.749,106.677 283.584,136.843 332.501,185.76 0,185.76 0,228.427 332.501,228.427 283.584,277.344 \r\n                                                313.749,307.488 414.165,207.093         \"\/>\r\n                                        <\/g>\r\n                                    <\/svg>\r\n                                <\/a>\r\n                            <\/div>\r\n                                            <\/div> \r\n                <\/div>\r\n            <\/div>\r\n                <\/div>\r\n    <\/div>\r\n<\/div>\r\n\t\t<\/div>\n\t\t\t\t<\/div>\n\t\t\t\t\t<\/div>\n\t\t\t\t<\/div>\n\t\t<div class=\"elementor-element elementor-element-ac395fc e-flex e-con-boxed e-con e-parent\" data-id=\"ac395fc\" data-element_type=\"container\">\n\t\t\t\t\t<div class=\"e-con-inner\">\n\t\t\t\t<div class=\"elementor-element elementor-element-e79d7f6 elementor-widget elementor-widget-spacer\" data-id=\"e79d7f6\" data-element_type=\"widget\" data-widget_type=\"spacer.default\">\n\t\t\t\t<div class=\"elementor-widget-container\">\n\t\t\t\t\t<div class=\"elementor-spacer\">\n\t\t\t<div class=\"elementor-spacer-inner\"><\/div>\n\t\t<\/div>\n\t\t\t\t<\/div>\n\t\t\t\t<\/div>\n\t\t\t\t\t<\/div>\n\t\t\t\t<\/div>\n\t\t\t\t<\/div>\n\t\t","protected":false},"excerpt":{"rendered":"<p>T\u00dcM H\u0130ZMETLER\u0130M\u0130Z G\u00fcmr\u00fck Hizmetleri Eta Port G\u00fcmr\u00fckleme ve Lojistik Ailesi Olarak Yan\u0131n\u0131zday\u0131z Detayl\u0131 Oku Transit Hizmetleri Eta Port G\u00fcmr\u00fckleme ve Lojistik Ailesi Olarak Yan\u0131n\u0131zday\u0131z Detayl\u0131 Oku \u0130thalat Hizmetleri Eta Port G\u00fcmr\u00fckleme ve Lojistik Ailesi Olarak Yan\u0131n\u0131zday\u0131z Detayl\u0131 Oku \u0130hracat Hizmetleri Eta Port G\u00fcmr\u00fckleme ve Lojistik Ailesi Olarak Yan\u0131n\u0131zday\u0131z Detayl\u0131 Oku \u0130hracat Hizmetleri Eta Port G\u00fcmr\u00fckleme [&hellip;]<\/p>\n","protected":false},"author":1,"featured_media":0,"parent":0,"menu_order":0,"comment_status":"closed","ping_status":"closed","template":"","meta":{"footnotes":""},"class_list":["post-407","page","type-page","status-publish","hentry"],"_links":{"self":[{"href":"https:\/\/etaport.com.tr\/index.php?rest_route=\/wp\/v2\/pages\/407"}],"collection":[{"href":"https:\/\/etaport.com.tr\/index.php?rest_route=\/wp\/v2\/pages"}],"about":[{"href":"https:\/\/etaport.com.tr\/index.php?rest_route=\/wp\/v2\/types\/page"}],"author":[{"embeddable":true,"href":"https:\/\/etaport.com.tr\/index.php?rest_route=\/wp\/v2\/users\/1"}],"replies":[{"embeddable":true,"href":"https:\/\/etaport.com.tr\/index.php?rest_route=%2Fwp%2Fv2%2Fcomments&post=407"}],"version-history":[{"count":21,"href":"https:\/\/etaport.com.tr\/index.php?rest_route=\/wp\/v2\/pages\/407\/revisions"}],"predecessor-version":[{"id":4358,"href":"https:\/\/etaport.com.tr\/index.php?rest_route=\/wp\/v2\/pages\/407\/revisions\/4358"}],"wp:attachment":[{"href":"https:\/\/etaport.com.tr\/index.php?rest_route=%2Fwp%2Fv2%2Fmedia&parent=407"}],"curies":[{"name":"wp","href":"https:\/\/api.w.org\/{rel}","templated":true}]}}